{"id":100,"date":"2021-12-29T22:18:59","date_gmt":"2021-12-29T21:18:59","guid":{"rendered":"https:\/\/laurenparticulier.com\/?page_id=100"},"modified":"2022-07-04T12:53:06","modified_gmt":"2022-07-04T11:53:06","slug":"qui-suis-je","status":"publish","type":"page","link":"https:\/\/laurenparticulier.com\/?page_id=100","title":{"rendered":"Qui suis-je ?"},"content":{"rendered":"\t\t<div data-elementor-type=\"wp-page\" data-elementor-id=\"100\" class=\"elementor elementor-100\" data-elementor-post-type=\"page\">\n\t\t\t\t\t\t<section class=\"elementor-section elementor-top-section elementor-element elementor-element-dd35fe6 elementor-section-boxed elementor-section-height-default elementor-section-height-default\" data-id=\"dd35fe6\" data-element_type=\"section\">\n\t\t\t\t\t\t<div class=\"elementor-container elementor-column-gap-default\">\n\t\t\t\t\t<div class=\"elementor-column elementor-col-100 elementor-top-column elementor-element elementor-element-1deb5051\" data-id=\"1deb5051\" data-element_type=\"column\">\n\t\t\t<div class=\"elementor-widget-wrap elementor-element-populated\">\n\t\t\t\t\t\t<div class=\"elementor-element elementor-element-368bc0d elementor-widget elementor-widget-text-editor\" data-id=\"368bc0d\" data-element_type=\"widget\" data-widget_type=\"text-editor.default\">\n\t\t\t\t<div class=\"elementor-widget-container\">\n\t\t\t\t\t\t\t\t\t<p><\/p>\n<p><\/p>\n<p><strong>Apr\u00e8s avoir exerc\u00e9\u00a0 le m\u00e9tier d &lsquo;aide soignante, j&rsquo;ai pu mesurer l&rsquo;importance de la coiffure, non seulement comme soin de confort et d&rsquo;hygi\u00e8ne, mais aussi comme facteur d&rsquo;estime de soi.<\/strong><\/p>\n<p><\/p>\n<p><strong>J&rsquo;ai donc suivi une formation de coiffeuse et\u00a0 afin\u00a0 d&rsquo;obtenir le\u00a0 dipl\u00f4me et la certification de socio-coiffeuse reconnue au\u00a0 RNCP de niveau 4.<\/strong><\/p>\n<p><\/p>\n<p><strong>J&rsquo;ai d\u00e9missionn\u00e9 de mon poste \u00e0 l h\u00f4pital pour pouvoir r\u00e9aliser mon r\u00eave\u00a0 apr\u00e8s 10 ans de travail et pr\u00e9parer ma reconversion\u00a0\u00a0<\/strong><\/p>\n<p><\/p>\n<p><strong>J ai cr\u00e9\u00e9 mon entreprise le 1\u00a0 avril 2021\u00a0<\/strong><\/p>\n<p><\/p>\n<p><strong><em>LAURE EN PARTICULIER\u00a0<\/em><\/strong><\/p>\n<p><\/p>\n<p><\/p>\n<h3 class=\"wp-block-heading\" id=\"cc-m-header-16056016122\"><span style=\"text-decoration: underline; color: #3366ff;\"><em>Un moment pour soi<\/em><\/span><\/h3>\n<p><\/p>\n<p><strong>Je vous propose aujourd&rsquo;hui un moment d&rsquo;\u00e9change, dans la discr\u00e9tion, \u00e0 travers mes prestations personnalis\u00e9es et cr\u00e9atives de coiffure afin de valoriser votre image et l&rsquo;estime de soi.<\/strong>\u00a0<\/p>\t\t\t\t\t\t\t\t<\/div>\n\t\t\t\t<\/div>\n\t\t\t\t\t<\/div>\n\t\t<\/div>\n\t\t\t\t\t<\/div>\n\t\t<\/section>\n\t\t\t\t<\/div>\n\t\t","protected":false},"excerpt":{"rendered":"<p>Apr\u00e8s avoir exerc\u00e9\u00a0 le m\u00e9tier d &lsquo;aide soignante, j&rsquo;ai pu mesurer l&rsquo;importance de la coiffure, non seulement comme soin de confort et d&rsquo;hygi\u00e8ne, mais aussi comme facteur d&rsquo;estime de soi. &hellip; <\/p>\n","protected":false},"author":1,"featured_media":0,"parent":0,"menu_order":0,"comment_status":"closed","ping_status":"closed","template":"","meta":{"om_disable_all_campaigns":false,"_monsterinsights_skip_tracking":false,"_monsterinsights_sitenote_active":false,"_monsterinsights_sitenote_note":"","_monsterinsights_sitenote_category":0,"footnotes":""},"class_list":["post-100","page","type-page","status-publish","hentry"],"yoast_head":"<!-- This site is optimized with the Yoast SEO plugin v25.9 - https:\/\/yoast.com\/wordpress\/plugins\/seo\/ -->\n<title>Qui suis-je ? - PERRUQUES \/ TURBANS ET BONNETS AVEC CHEVEUX NATURELS SIF &amp;LOKI<\/title>\n<meta name=\"description\" content=\"perruques, chevelure, proth\u00e8ses capillaires, masques, masques aux argiles,coloration v\u00e9g\u00e9tales, dayn\u00e0, terre de couleur, modelage cr\u00e2nien, huiles ayurv\u00e9diques, holioa, coupe de cheveu personnalis\u00e9e, alop\u00e9cie, cancer, turbans, bonnet, bonnets, shampoing adapt\u00e9, cr\u00e2ne, perte de cheveu, entretien proth\u00e8ses, nouage, bienveillance, sympathie, agr\u00e9ment, socio coiffure, proth\u00e9siste capillaire, salon, soin, shampoing, soins relaxant naturel, estime de soi, valorisation de son image,bienfaits multiples, coiffages personnalis\u00e9s, modelage cr\u00e2nien \u00e9nerg\u00e9tique\" \/>\n<meta name=\"robots\" content=\"index, follow, max-snippet:-1, max-image-preview:large, max-video-preview:-1\" \/>\n<link rel=\"canonical\" href=\"https:\/\/laurenparticulier.com\/?page_id=100\" \/>\n<meta property=\"og:locale\" content=\"fr_FR\" \/>\n<meta property=\"og:type\" content=\"article\" \/>\n<meta property=\"og:title\" content=\"Qui suis-je ? - PERRUQUES \/ TURBANS ET BONNETS AVEC CHEVEUX NATURELS SIF &amp;LOKI\" \/>\n<meta property=\"og:description\" content=\"perruques, chevelure, proth\u00e8ses capillaires, masques, masques aux argiles,coloration v\u00e9g\u00e9tales, dayn\u00e0, terre de couleur, modelage cr\u00e2nien, huiles ayurv\u00e9diques, holioa, coupe de cheveu personnalis\u00e9e, alop\u00e9cie, cancer, turbans, bonnet, bonnets, shampoing adapt\u00e9, cr\u00e2ne, perte de cheveu, entretien proth\u00e8ses, nouage, bienveillance, sympathie, agr\u00e9ment, socio coiffure, proth\u00e9siste capillaire, salon, soin, shampoing, soins relaxant naturel, estime de soi, valorisation de son image,bienfaits multiples, coiffages personnalis\u00e9s, modelage cr\u00e2nien \u00e9nerg\u00e9tique\" \/>\n<meta property=\"og:url\" content=\"https:\/\/laurenparticulier.com\/?page_id=100\" \/>\n<meta property=\"og:site_name\" content=\"PERRUQUES \/ TURBANS ET BONNETS AVEC CHEVEUX NATURELS SIF &amp;LOKI\" \/>\n<meta property=\"article:modified_time\" content=\"2022-07-04T11:53:06+00:00\" \/>\n<meta name=\"twitter:card\" content=\"summary_large_image\" \/>\n<meta name=\"twitter:label1\" content=\"Dur\u00e9e de lecture estim\u00e9e\" \/>\n\t<meta name=\"twitter:data1\" content=\"1 minute\" \/>\n<script type=\"application\/ld+json\" class=\"yoast-schema-graph\">{\"@context\":\"https:\/\/schema.org\",\"@graph\":[{\"@type\":\"WebPage\",\"@id\":\"https:\/\/laurenparticulier.com\/?page_id=100\",\"url\":\"https:\/\/laurenparticulier.com\/?page_id=100\",\"name\":\"Qui suis-je ? - PERRUQUES \/ TURBANS ET BONNETS AVEC CHEVEUX NATURELS SIF &amp;LOKI\",\"isPartOf\":{\"@id\":\"https:\/\/laurenparticulier.com\/#website\"},\"datePublished\":\"2021-12-29T21:18:59+00:00\",\"dateModified\":\"2022-07-04T11:53:06+00:00\",\"description\":\"perruques, chevelure, proth\u00e8ses capillaires, masques, masques aux argiles,coloration v\u00e9g\u00e9tales, dayn\u00e0, terre de couleur, modelage cr\u00e2nien, huiles ayurv\u00e9diques, holioa, coupe de cheveu personnalis\u00e9e, alop\u00e9cie, cancer, turbans, bonnet, bonnets, shampoing adapt\u00e9, cr\u00e2ne, perte de cheveu, entretien proth\u00e8ses, nouage, bienveillance, sympathie, agr\u00e9ment, socio coiffure, proth\u00e9siste capillaire, salon, soin, shampoing, soins relaxant naturel, estime de soi, valorisation de son image,bienfaits multiples, coiffages personnalis\u00e9s, modelage cr\u00e2nien \u00e9nerg\u00e9tique\",\"breadcrumb\":{\"@id\":\"https:\/\/laurenparticulier.com\/?page_id=100#breadcrumb\"},\"inLanguage\":\"fr-FR\",\"potentialAction\":[{\"@type\":\"ReadAction\",\"target\":[\"https:\/\/laurenparticulier.com\/?page_id=100\"]}]},{\"@type\":\"BreadcrumbList\",\"@id\":\"https:\/\/laurenparticulier.com\/?page_id=100#breadcrumb\",\"itemListElement\":[{\"@type\":\"ListItem\",\"position\":1,\"name\":\"Accueil\",\"item\":\"https:\/\/laurenparticulier.com\/\"},{\"@type\":\"ListItem\",\"position\":2,\"name\":\"Qui suis-je ?\"}]},{\"@type\":\"WebSite\",\"@id\":\"https:\/\/laurenparticulier.com\/#website\",\"url\":\"https:\/\/laurenparticulier.com\/\",\"name\":\"PERRUQUES \/ TURBANS ET BONNETS AVEC CHEVEUX NATURELS SIF &amp;LOKI\",\"description\":\"PROTHESITE CAPILLAIRE AGREE PAR LA CPAM\",\"potentialAction\":[{\"@type\":\"SearchAction\",\"target\":{\"@type\":\"EntryPoint\",\"urlTemplate\":\"https:\/\/laurenparticulier.com\/?s={search_term_string}\"},\"query-input\":{\"@type\":\"PropertyValueSpecification\",\"valueRequired\":true,\"valueName\":\"search_term_string\"}}],\"inLanguage\":\"fr-FR\"}]}<\/script>\n<!-- \/ Yoast SEO plugin. -->","yoast_head_json":{"title":"Qui suis-je ? - PERRUQUES \/ TURBANS ET BONNETS AVEC CHEVEUX NATURELS SIF &amp;LOKI","description":"perruques, chevelure, proth\u00e8ses capillaires, masques, masques aux argiles,coloration v\u00e9g\u00e9tales, dayn\u00e0, terre de couleur, modelage cr\u00e2nien, huiles ayurv\u00e9diques, holioa, coupe de cheveu personnalis\u00e9e, alop\u00e9cie, cancer, turbans, bonnet, bonnets, shampoing adapt\u00e9, cr\u00e2ne, perte de cheveu, entretien proth\u00e8ses, nouage, bienveillance, sympathie, agr\u00e9ment, socio coiffure, proth\u00e9siste capillaire, salon, soin, shampoing, soins relaxant naturel, estime de soi, valorisation de son image,bienfaits multiples, coiffages personnalis\u00e9s, modelage cr\u00e2nien \u00e9nerg\u00e9tique","robots":{"index":"index","follow":"follow","max-snippet":"max-snippet:-1","max-image-preview":"max-image-preview:large","max-video-preview":"max-video-preview:-1"},"canonical":"https:\/\/laurenparticulier.com\/?page_id=100","og_locale":"fr_FR","og_type":"article","og_title":"Qui suis-je ? - PERRUQUES \/ TURBANS ET BONNETS AVEC CHEVEUX NATURELS SIF &amp;LOKI","og_description":"perruques, chevelure, proth\u00e8ses capillaires, masques, masques aux argiles,coloration v\u00e9g\u00e9tales, dayn\u00e0, terre de couleur, modelage cr\u00e2nien, huiles ayurv\u00e9diques, holioa, coupe de cheveu personnalis\u00e9e, alop\u00e9cie, cancer, turbans, bonnet, bonnets, shampoing adapt\u00e9, cr\u00e2ne, perte de cheveu, entretien proth\u00e8ses, nouage, bienveillance, sympathie, agr\u00e9ment, socio coiffure, proth\u00e9siste capillaire, salon, soin, shampoing, soins relaxant naturel, estime de soi, valorisation de son image,bienfaits multiples, coiffages personnalis\u00e9s, modelage cr\u00e2nien \u00e9nerg\u00e9tique","og_url":"https:\/\/laurenparticulier.com\/?page_id=100","og_site_name":"PERRUQUES \/ TURBANS ET BONNETS AVEC CHEVEUX NATURELS SIF &amp;LOKI","article_modified_time":"2022-07-04T11:53:06+00:00","twitter_card":"summary_large_image","twitter_misc":{"Dur\u00e9e de lecture estim\u00e9e":"1 minute"},"schema":{"@context":"https:\/\/schema.org","@graph":[{"@type":"WebPage","@id":"https:\/\/laurenparticulier.com\/?page_id=100","url":"https:\/\/laurenparticulier.com\/?page_id=100","name":"Qui suis-je ? - PERRUQUES \/ TURBANS ET BONNETS AVEC CHEVEUX NATURELS SIF &amp;LOKI","isPartOf":{"@id":"https:\/\/laurenparticulier.com\/#website"},"datePublished":"2021-12-29T21:18:59+00:00","dateModified":"2022-07-04T11:53:06+00:00","description":"perruques, chevelure, proth\u00e8ses capillaires, masques, masques aux argiles,coloration v\u00e9g\u00e9tales, dayn\u00e0, terre de couleur, modelage cr\u00e2nien, huiles ayurv\u00e9diques, holioa, coupe de cheveu personnalis\u00e9e, alop\u00e9cie, cancer, turbans, bonnet, bonnets, shampoing adapt\u00e9, cr\u00e2ne, perte de cheveu, entretien proth\u00e8ses, nouage, bienveillance, sympathie, agr\u00e9ment, socio coiffure, proth\u00e9siste capillaire, salon, soin, shampoing, soins relaxant naturel, estime de soi, valorisation de son image,bienfaits multiples, coiffages personnalis\u00e9s, modelage cr\u00e2nien \u00e9nerg\u00e9tique","breadcrumb":{"@id":"https:\/\/laurenparticulier.com\/?page_id=100#breadcrumb"},"inLanguage":"fr-FR","potentialAction":[{"@type":"ReadAction","target":["https:\/\/laurenparticulier.com\/?page_id=100"]}]},{"@type":"BreadcrumbList","@id":"https:\/\/laurenparticulier.com\/?page_id=100#breadcrumb","itemListElement":[{"@type":"ListItem","position":1,"name":"Accueil","item":"https:\/\/laurenparticulier.com\/"},{"@type":"ListItem","position":2,"name":"Qui suis-je ?"}]},{"@type":"WebSite","@id":"https:\/\/laurenparticulier.com\/#website","url":"https:\/\/laurenparticulier.com\/","name":"PERRUQUES \/ TURBANS ET BONNETS AVEC CHEVEUX NATURELS SIF &amp;LOKI","description":"PROTHESITE CAPILLAIRE AGREE PAR LA CPAM","potentialAction":[{"@type":"SearchAction","target":{"@type":"EntryPoint","urlTemplate":"https:\/\/laurenparticulier.com\/?s={search_term_string}"},"query-input":{"@type":"PropertyValueSpecification","valueRequired":true,"valueName":"search_term_string"}}],"inLanguage":"fr-FR"}]}},"_links":{"self":[{"href":"https:\/\/laurenparticulier.com\/index.php?rest_route=\/wp\/v2\/pages\/100","targetHints":{"allow":["GET"]}}],"collection":[{"href":"https:\/\/laurenparticulier.com\/index.php?rest_route=\/wp\/v2\/pages"}],"about":[{"href":"https:\/\/laurenparticulier.com\/index.php?rest_route=\/wp\/v2\/types\/page"}],"author":[{"embeddable":true,"href":"https:\/\/laurenparticulier.com\/index.php?rest_route=\/wp\/v2\/users\/1"}],"replies":[{"embeddable":true,"href":"https:\/\/laurenparticulier.com\/index.php?rest_route=%2Fwp%2Fv2%2Fcomments&post=100"}],"version-history":[{"count":32,"href":"https:\/\/laurenparticulier.com\/index.php?rest_route=\/wp\/v2\/pages\/100\/revisions"}],"predecessor-version":[{"id":328,"href":"https:\/\/laurenparticulier.com\/index.php?rest_route=\/wp\/v2\/pages\/100\/revisions\/328"}],"wp:attachment":[{"href":"https:\/\/laurenparticulier.com\/index.php?rest_route=%2Fwp%2Fv2%2Fmedia&parent=100"}],"curies":[{"name":"wp","href":"https:\/\/api.w.org\/{rel}","templated":true}]}}