{"id":2,"date":"2021-12-14T22:03:50","date_gmt":"2021-12-14T22:03:50","guid":{"rendered":"http:\/\/laurenparticulier.com\/?page_id=2"},"modified":"2022-07-04T12:52:42","modified_gmt":"2022-07-04T11:52:42","slug":"sample-page","status":"publish","type":"page","link":"https:\/\/laurenparticulier.com\/?page_id=2","title":{"rendered":"Mes prestations"},"content":{"rendered":"\t\t<div data-elementor-type=\"wp-page\" data-elementor-id=\"2\" class=\"elementor elementor-2\" data-elementor-post-type=\"page\">\n\t\t\t\t\t\t<section class=\"elementor-section elementor-top-section elementor-element elementor-element-76e23170 elementor-section-boxed elementor-section-height-default elementor-section-height-default\" data-id=\"76e23170\" data-element_type=\"section\">\n\t\t\t\t\t\t<div class=\"elementor-container elementor-column-gap-default\">\n\t\t\t\t\t<div class=\"elementor-column elementor-col-100 elementor-top-column elementor-element elementor-element-a373dd5\" data-id=\"a373dd5\" data-element_type=\"column\">\n\t\t\t<div class=\"elementor-widget-wrap elementor-element-populated\">\n\t\t\t\t\t\t<div class=\"elementor-element elementor-element-cba402b elementor-widget elementor-widget-text-editor\" data-id=\"cba402b\" data-element_type=\"widget\" data-widget_type=\"text-editor.default\">\n\t\t\t\t<div class=\"elementor-widget-container\">\n\t\t\t\t\t\t\t\t\t\n<p class=\"has-medium-font-size\"><strong>Apr\u00e8s une \u00e9coute attentive de vos besoins et de vos envies.<\/strong><\/p>\n\n<ul class=\"wp-block-list\">\n<li><strong>Le diagnostic<\/strong>,<\/li>\n<li><strong>Shampoing * (au lit ou au fauteuil pour les personnes d\u00e9pendantes)\u00a0 naturel bio\u00a0 et V\u00e9gan de chez GAIA adapt\u00e9 \u00e0 votre cheveu et cuir chevelu,\u00a0<\/strong><\/li>\n<li><strong>Soins et modelage cr\u00e2nien<\/strong>,<\/li>\n<li><strong>Coupes de cheveux adapt\u00e9es \u00e0 votre visage et coupes cr\u00e9atives femmes, hommes et enfants,\u00a0<\/strong><\/li>\n<li><strong>Coiffage<\/strong>,<\/li>\n<li><strong>Brushing<\/strong>,<\/li>\n<li><strong>Coloration v\u00e9g\u00e9tale aux couleurs chatoyantes naturelles de Dayn\u00e0 PARIS OF INDIA<\/strong>,<\/li>\n<li><strong>Rituel ayurv\u00e9diques\u00a0 deux aux huiles au choix\u00a0 Dayn\u00e0 PARIS OF INDIA <em>(ce soin est un modelage cr\u00e2nien apportant un moment de bien-\u00eatre permettant d&rsquo;\u00e9vacuer le stress, favorisant le sommeil)<\/em>,<\/strong><\/li>\n<li><strong>Accompagnement de la personne poursuivant des soins d&rsquo;oncologie <em>(De la mise \u00e0 nu du cr\u00e2ne jusqu&rsquo;\u00e0 la repousse du cheveux)<\/em>,<\/strong><\/li>\n<li><strong>Accompagnement de la personne poursuivant des soins d&rsquo;oncologie <em>(De la mise \u00e0 nu du cr\u00e2ne jusqu&rsquo;\u00e0 la repousse du cheveux)<\/em>,<\/strong><\/li>\n<li><strong>Conseils, vente et entretien de la chevelure de remplacement (perruque et accessoires en lien \u00e0 votre alop\u00e9cie <em>(agr\u00e9\u00e9 la CPAM)<\/em>,<\/strong><\/li>\n<li><strong>Ateliers :<\/strong> (<strong>sur demande pour les institutions<\/strong>) <br \/>\n<ul>\n<li><strong>apprendre \u00e0 entretenir sa proth\u00e8se, apprendre les diff\u00e9rents nouages de foulards et comment l&rsquo;accessoiriser (la t\u00eate des les nouages)<\/strong>,<\/li>\n<li><strong>apprendre \u00e0 faire ses tresses, (des tresses sans stress) pour un papa solo. Apprendre \u00e0 conna\u00eetre le shampoing et le soin apport\u00e9 \u00e0 mon cuir chevelu<\/strong>,<\/li>\n<li><strong>et bien plus encore \u2026<\/strong><\/li>\n<\/ul>\n<\/li>\n<\/ul>\n\t\t\t\t\t\t\t\t<\/div>\n\t\t\t\t<\/div>\n\t\t\t\t\t<\/div>\n\t\t<\/div>\n\t\t\t\t\t<\/div>\n\t\t<\/section>\n\t\t\t\t<\/div>\n\t\t","protected":false},"excerpt":{"rendered":"<p>Apr\u00e8s une \u00e9coute attentive de vos besoins et de vos envies. Le diagnostic, Shampoing * (au lit ou au fauteuil pour les personnes d\u00e9pendantes)&nbsp; naturel bio&nbsp; et V\u00e9gan de chez &hellip; <\/p>\n","protected":false},"author":1,"featured_media":0,"parent":0,"menu_order":0,"comment_status":"closed","ping_status":"open","template":"","meta":{"om_disable_all_campaigns":false,"_monsterinsights_skip_tracking":false,"_monsterinsights_sitenote_active":false,"_monsterinsights_sitenote_note":"","_monsterinsights_sitenote_category":0,"footnotes":""},"class_list":["post-2","page","type-page","status-publish","hentry"],"yoast_head":"<!-- This site is optimized with the Yoast SEO plugin v25.9 - https:\/\/yoast.com\/wordpress\/plugins\/seo\/ -->\n<title>Mes prestations - PERRUQUES \/ TURBANS ET BONNETS AVEC CHEVEUX NATURELS SIF &amp;LOKI<\/title>\n<meta name=\"description\" content=\"perruques, chevelure, proth\u00e8ses capillaires, masques, masques aux argiles,coloration v\u00e9g\u00e9tales, dayn\u00e0, terre de couleur, modelage cr\u00e2nien, huiles ayurv\u00e9diques, holioa, coupe de cheveu personnalis\u00e9e, alop\u00e9cie, cancer, turbans, bonnet, bonnets, shampoing adapt\u00e9, cr\u00e2ne, perte de cheveu, entretien proth\u00e8ses, nouage, bienveillance, sympathie, agr\u00e9ment, socio coiffure, proth\u00e9siste capillaire, salon, soin, shampoing, soins relaxant naturel, estime de soi, valorisation de son image,bienfaits multiples, coiffages personnalis\u00e9s, modelage cr\u00e2nien \u00e9nerg\u00e9tique\" \/>\n<meta name=\"robots\" content=\"index, follow, max-snippet:-1, max-image-preview:large, max-video-preview:-1\" \/>\n<link rel=\"canonical\" href=\"https:\/\/laurenparticulier.com\/?page_id=2\" \/>\n<meta property=\"og:locale\" content=\"fr_FR\" \/>\n<meta property=\"og:type\" content=\"article\" \/>\n<meta property=\"og:title\" content=\"Mes prestations - PERRUQUES \/ TURBANS ET BONNETS AVEC CHEVEUX NATURELS SIF &amp;LOKI\" \/>\n<meta property=\"og:description\" content=\"perruques, chevelure, proth\u00e8ses capillaires, masques, masques aux argiles,coloration v\u00e9g\u00e9tales, dayn\u00e0, terre de couleur, modelage cr\u00e2nien, huiles ayurv\u00e9diques, holioa, coupe de cheveu personnalis\u00e9e, alop\u00e9cie, cancer, turbans, bonnet, bonnets, shampoing adapt\u00e9, cr\u00e2ne, perte de cheveu, entretien proth\u00e8ses, nouage, bienveillance, sympathie, agr\u00e9ment, socio coiffure, proth\u00e9siste capillaire, salon, soin, shampoing, soins relaxant naturel, estime de soi, valorisation de son image,bienfaits multiples, coiffages personnalis\u00e9s, modelage cr\u00e2nien \u00e9nerg\u00e9tique\" \/>\n<meta property=\"og:url\" content=\"https:\/\/laurenparticulier.com\/?page_id=2\" \/>\n<meta property=\"og:site_name\" content=\"PERRUQUES \/ TURBANS ET BONNETS AVEC CHEVEUX NATURELS SIF &amp;LOKI\" \/>\n<meta property=\"article:modified_time\" content=\"2022-07-04T11:52:42+00:00\" \/>\n<meta name=\"twitter:card\" content=\"summary_large_image\" \/>\n<meta name=\"twitter:label1\" content=\"Dur\u00e9e de lecture estim\u00e9e\" \/>\n\t<meta name=\"twitter:data1\" content=\"2 minutes\" \/>\n<script type=\"application\/ld+json\" class=\"yoast-schema-graph\">{\"@context\":\"https:\/\/schema.org\",\"@graph\":[{\"@type\":\"WebPage\",\"@id\":\"https:\/\/laurenparticulier.com\/?page_id=2\",\"url\":\"https:\/\/laurenparticulier.com\/?page_id=2\",\"name\":\"Mes prestations - PERRUQUES \/ TURBANS ET BONNETS AVEC CHEVEUX NATURELS SIF &amp;LOKI\",\"isPartOf\":{\"@id\":\"https:\/\/laurenparticulier.com\/#website\"},\"datePublished\":\"2021-12-14T22:03:50+00:00\",\"dateModified\":\"2022-07-04T11:52:42+00:00\",\"description\":\"perruques, chevelure, proth\u00e8ses capillaires, masques, masques aux argiles,coloration v\u00e9g\u00e9tales, dayn\u00e0, terre de couleur, modelage cr\u00e2nien, huiles ayurv\u00e9diques, holioa, coupe de cheveu personnalis\u00e9e, alop\u00e9cie, cancer, turbans, bonnet, bonnets, shampoing adapt\u00e9, cr\u00e2ne, perte de cheveu, entretien proth\u00e8ses, nouage, bienveillance, sympathie, agr\u00e9ment, socio coiffure, proth\u00e9siste capillaire, salon, soin, shampoing, soins relaxant naturel, estime de soi, valorisation de son image,bienfaits multiples, coiffages personnalis\u00e9s, modelage cr\u00e2nien \u00e9nerg\u00e9tique\",\"breadcrumb\":{\"@id\":\"https:\/\/laurenparticulier.com\/?page_id=2#breadcrumb\"},\"inLanguage\":\"fr-FR\",\"potentialAction\":[{\"@type\":\"ReadAction\",\"target\":[\"https:\/\/laurenparticulier.com\/?page_id=2\"]}]},{\"@type\":\"BreadcrumbList\",\"@id\":\"https:\/\/laurenparticulier.com\/?page_id=2#breadcrumb\",\"itemListElement\":[{\"@type\":\"ListItem\",\"position\":1,\"name\":\"Accueil\",\"item\":\"https:\/\/laurenparticulier.com\/\"},{\"@type\":\"ListItem\",\"position\":2,\"name\":\"Mes prestations\"}]},{\"@type\":\"WebSite\",\"@id\":\"https:\/\/laurenparticulier.com\/#website\",\"url\":\"https:\/\/laurenparticulier.com\/\",\"name\":\"PERRUQUES \/ TURBANS ET BONNETS AVEC CHEVEUX NATURELS SIF &amp;LOKI\",\"description\":\"PROTHESITE CAPILLAIRE AGREE PAR LA CPAM\",\"potentialAction\":[{\"@type\":\"SearchAction\",\"target\":{\"@type\":\"EntryPoint\",\"urlTemplate\":\"https:\/\/laurenparticulier.com\/?s={search_term_string}\"},\"query-input\":{\"@type\":\"PropertyValueSpecification\",\"valueRequired\":true,\"valueName\":\"search_term_string\"}}],\"inLanguage\":\"fr-FR\"}]}<\/script>\n<!-- \/ Yoast SEO plugin. -->","yoast_head_json":{"title":"Mes prestations - PERRUQUES \/ TURBANS ET BONNETS AVEC CHEVEUX NATURELS SIF &amp;LOKI","description":"perruques, chevelure, proth\u00e8ses capillaires, masques, masques aux argiles,coloration v\u00e9g\u00e9tales, dayn\u00e0, terre de couleur, modelage cr\u00e2nien, huiles ayurv\u00e9diques, holioa, coupe de cheveu personnalis\u00e9e, alop\u00e9cie, cancer, turbans, bonnet, bonnets, shampoing adapt\u00e9, cr\u00e2ne, perte de cheveu, entretien proth\u00e8ses, nouage, bienveillance, sympathie, agr\u00e9ment, socio coiffure, proth\u00e9siste capillaire, salon, soin, shampoing, soins relaxant naturel, estime de soi, valorisation de son image,bienfaits multiples, coiffages personnalis\u00e9s, modelage cr\u00e2nien \u00e9nerg\u00e9tique","robots":{"index":"index","follow":"follow","max-snippet":"max-snippet:-1","max-image-preview":"max-image-preview:large","max-video-preview":"max-video-preview:-1"},"canonical":"https:\/\/laurenparticulier.com\/?page_id=2","og_locale":"fr_FR","og_type":"article","og_title":"Mes prestations - PERRUQUES \/ TURBANS ET BONNETS AVEC CHEVEUX NATURELS SIF &amp;LOKI","og_description":"perruques, chevelure, proth\u00e8ses capillaires, masques, masques aux argiles,coloration v\u00e9g\u00e9tales, dayn\u00e0, terre de couleur, modelage cr\u00e2nien, huiles ayurv\u00e9diques, holioa, coupe de cheveu personnalis\u00e9e, alop\u00e9cie, cancer, turbans, bonnet, bonnets, shampoing adapt\u00e9, cr\u00e2ne, perte de cheveu, entretien proth\u00e8ses, nouage, bienveillance, sympathie, agr\u00e9ment, socio coiffure, proth\u00e9siste capillaire, salon, soin, shampoing, soins relaxant naturel, estime de soi, valorisation de son image,bienfaits multiples, coiffages personnalis\u00e9s, modelage cr\u00e2nien \u00e9nerg\u00e9tique","og_url":"https:\/\/laurenparticulier.com\/?page_id=2","og_site_name":"PERRUQUES \/ TURBANS ET BONNETS AVEC CHEVEUX NATURELS SIF &amp;LOKI","article_modified_time":"2022-07-04T11:52:42+00:00","twitter_card":"summary_large_image","twitter_misc":{"Dur\u00e9e de lecture estim\u00e9e":"2 minutes"},"schema":{"@context":"https:\/\/schema.org","@graph":[{"@type":"WebPage","@id":"https:\/\/laurenparticulier.com\/?page_id=2","url":"https:\/\/laurenparticulier.com\/?page_id=2","name":"Mes prestations - PERRUQUES \/ TURBANS ET BONNETS AVEC CHEVEUX NATURELS SIF &amp;LOKI","isPartOf":{"@id":"https:\/\/laurenparticulier.com\/#website"},"datePublished":"2021-12-14T22:03:50+00:00","dateModified":"2022-07-04T11:52:42+00:00","description":"perruques, chevelure, proth\u00e8ses capillaires, masques, masques aux argiles,coloration v\u00e9g\u00e9tales, dayn\u00e0, terre de couleur, modelage cr\u00e2nien, huiles ayurv\u00e9diques, holioa, coupe de cheveu personnalis\u00e9e, alop\u00e9cie, cancer, turbans, bonnet, bonnets, shampoing adapt\u00e9, cr\u00e2ne, perte de cheveu, entretien proth\u00e8ses, nouage, bienveillance, sympathie, agr\u00e9ment, socio coiffure, proth\u00e9siste capillaire, salon, soin, shampoing, soins relaxant naturel, estime de soi, valorisation de son image,bienfaits multiples, coiffages personnalis\u00e9s, modelage cr\u00e2nien \u00e9nerg\u00e9tique","breadcrumb":{"@id":"https:\/\/laurenparticulier.com\/?page_id=2#breadcrumb"},"inLanguage":"fr-FR","potentialAction":[{"@type":"ReadAction","target":["https:\/\/laurenparticulier.com\/?page_id=2"]}]},{"@type":"BreadcrumbList","@id":"https:\/\/laurenparticulier.com\/?page_id=2#breadcrumb","itemListElement":[{"@type":"ListItem","position":1,"name":"Accueil","item":"https:\/\/laurenparticulier.com\/"},{"@type":"ListItem","position":2,"name":"Mes prestations"}]},{"@type":"WebSite","@id":"https:\/\/laurenparticulier.com\/#website","url":"https:\/\/laurenparticulier.com\/","name":"PERRUQUES \/ TURBANS ET BONNETS AVEC CHEVEUX NATURELS SIF &amp;LOKI","description":"PROTHESITE CAPILLAIRE AGREE PAR LA CPAM","potentialAction":[{"@type":"SearchAction","target":{"@type":"EntryPoint","urlTemplate":"https:\/\/laurenparticulier.com\/?s={search_term_string}"},"query-input":{"@type":"PropertyValueSpecification","valueRequired":true,"valueName":"search_term_string"}}],"inLanguage":"fr-FR"}]}},"_links":{"self":[{"href":"https:\/\/laurenparticulier.com\/index.php?rest_route=\/wp\/v2\/pages\/2","targetHints":{"allow":["GET"]}}],"collection":[{"href":"https:\/\/laurenparticulier.com\/index.php?rest_route=\/wp\/v2\/pages"}],"about":[{"href":"https:\/\/laurenparticulier.com\/index.php?rest_route=\/wp\/v2\/types\/page"}],"author":[{"embeddable":true,"href":"https:\/\/laurenparticulier.com\/index.php?rest_route=\/wp\/v2\/users\/1"}],"replies":[{"embeddable":true,"href":"https:\/\/laurenparticulier.com\/index.php?rest_route=%2Fwp%2Fv2%2Fcomments&post=2"}],"version-history":[{"count":13,"href":"https:\/\/laurenparticulier.com\/index.php?rest_route=\/wp\/v2\/pages\/2\/revisions"}],"predecessor-version":[{"id":316,"href":"https:\/\/laurenparticulier.com\/index.php?rest_route=\/wp\/v2\/pages\/2\/revisions\/316"}],"wp:attachment":[{"href":"https:\/\/laurenparticulier.com\/index.php?rest_route=%2Fwp%2Fv2%2Fmedia&parent=2"}],"curies":[{"name":"wp","href":"https:\/\/api.w.org\/{rel}","templated":true}]}}