{"id":76,"date":"2021-12-29T21:31:03","date_gmt":"2021-12-29T20:31:03","guid":{"rendered":"https:\/\/laurenparticulier.com\/?page_id=76"},"modified":"2023-02-05T12:08:40","modified_gmt":"2023-02-05T11:08:40","slug":"un-moment-pour-soi-valoriser-votre-image-et-estime-de-soi","status":"publish","type":"page","link":"https:\/\/laurenparticulier.com\/?page_id=76","title":{"rendered":"Accueil"},"content":{"rendered":"\t\t<div data-elementor-type=\"wp-page\" data-elementor-id=\"76\" class=\"elementor elementor-76\" data-elementor-post-type=\"page\">\n\t\t\t\t\t\t<section class=\"elementor-section elementor-top-section elementor-element elementor-element-60bd36a5 elementor-section-boxed elementor-section-height-default elementor-section-height-default\" data-id=\"60bd36a5\" data-element_type=\"section\">\n\t\t\t\t\t\t<div class=\"elementor-container elementor-column-gap-default\">\n\t\t\t\t\t<div class=\"elementor-column elementor-col-100 elementor-top-column elementor-element elementor-element-6222e98d\" data-id=\"6222e98d\" data-element_type=\"column\">\n\t\t\t<div class=\"elementor-widget-wrap elementor-element-populated\">\n\t\t\t\t\t\t<div class=\"elementor-element elementor-element-2acb5a29 elementor-widget elementor-widget-text-editor\" data-id=\"2acb5a29\" data-element_type=\"widget\" data-widget_type=\"text-editor.default\">\n\t\t\t\t<div class=\"elementor-widget-container\">\n\t\t\t\t\t\t\t\t\t\n<p>\u00a0<\/p>\n\n<p>\u00a0<\/p>\n\n<figure><img fetchpriority=\"high\" decoding=\"async\" src=\"https:\/\/laurenparticulier.com\/wp-content\/uploads\/2021\/12\/cropped-laureenparticulier-1024x373.png\" alt=\"\" width=\"848\" height=\"308\" \/><\/figure>\n<p><\/p>\n<p><\/p>\n<h2 class=\"wp-block-heading\"><strong><em>Un moment pour soi<\/em><\/strong><\/h2>\n<p><\/p>\n<figure><img decoding=\"async\" src=\"https:\/\/laurenparticulier.com\/wp-content\/uploads\/2021\/12\/LaureEnParticulier-visuel-903x1024.jpg\" alt=\"\" width=\"841\" height=\"953\" \/><\/figure>\n<p><\/p>\n<p><strong><em>Socio coiffeuse &amp; proth\u00e9siste capillaire<\/em><\/strong><\/p>\n<p><\/p>\n<p style=\"text-align: center;\"><strong>&#8212;&#8212;&#8212;&#8212;&#8212;&#8212;<\/strong><\/p>\n<p><\/p>\n<h3 class=\"wp-block-heading\" style=\"text-align: center;\"><strong><em>Socio coiffeuse &amp; proth\u00e9siste capillaire, un m\u00e9tier, un engagement<\/em><\/strong><\/h3>\n<p><\/p>\n<div class=\"wp-block-columns is-layout-flex wp-container-core-columns-is-layout-9d6595d7 wp-block-columns-is-layout-flex\">\n<div class=\"wp-block-column is-layout-flow wp-block-column-is-layout-flow\" style=\"flex-basis: 33.33%;\"><\/div>\n<\/div>\n<figure>\n<figure id=\"attachment_31\" aria-describedby=\"caption-attachment-31\" style=\"width: 349px\" class=\"wp-caption alignleft\"><img decoding=\"async\" class=\"\" src=\"https:\/\/laurenparticulier.com\/wp-content\/uploads\/2021\/12\/20200612_203219-768x1024.jpg\" alt=\"\" width=\"349\" height=\"465\" \/><figcaption id=\"caption-attachment-31\" class=\"wp-caption-text\"><strong>\u00a0\u00a0\u00a0\u00a0\u00a0\u00a0\u00a0\u00a0\u00a0\u00a0\u00a0\u00a0\u00a0\u00a0\u00a0\u00a0\u00a0\u00a0\u00a0\u00a0\u00a0\u00a0\u00a0\u00a0 Laure en particulier<\/strong><\/figcaption><\/figure>\n<\/figure>\n<p><\/p>\n<p><\/p>\n<div class=\"wp-block-column is-vertically-aligned-top is-layout-flow wp-block-column-is-layout-flow\" style=\"flex-basis: 66.66%;\"><\/div>\n<p><\/p>\n<p><\/p>\n<ul>\n<li><strong>shampoing et soin relaxant\u00a0 naturels de chez GAIA,<\/strong><\/li>\n<li><strong>Coupes et coiffages\u00a0 personnalis\u00e9s et cr\u00e9atives afin de valoriser votre image et l&rsquo;estime de soi,<br \/><\/strong><\/li>\n<li><strong>Modelage cr\u00e2nien \u00e9nerg\u00e9tique aux huiles ayurv\u00e9diques aux bienfaits multiples sur le cheveu et le cuir chevelu, offrant le\u00a0 l\u00e2ch\u00e9 prise et le bien \u00eatre\u00a0 favorisant une qualit\u00e9 de sommeil, <br \/><\/strong><\/li>\n<li><strong>Coloration v\u00e9g\u00e9tale aux couleurs chatoyantes\u00a0 Dayn\u00e0 of Paris India. Plus qu&rsquo;une couleur c&rsquo;est un soin permettant de renforcer votre cheveu tout en prenant soin de votre cuir chevelu.\u00a0<\/strong><\/li>\n<\/ul>\n<p><strong>  <\/strong><\/p>\n<p>\u00a0<\/p>\n<p><strong>Disponible et \u00e0 l&rsquo;\u00e9coute pour\u00a0 trouver des solutions sur votre\u00a0 soucis d&rsquo;alop\u00e9cie en lien ou pas\u00a0 avec la maladie du cancer.<\/strong><\/p>\n<p><strong>  <\/strong><\/p>\n<p><strong>Je vous\u00a0 accompagne et vous conseille dans le choix de votre proth\u00e8se capillaire, perruques accessoires, turbans, bonnets personnalis\u00e9s, shampoings adapt\u00e9s \u00e0 votre cuir chevelu. Je vous propose une coupe personnalis\u00e9e ou\u00a0 mise \u00e0 nu du cr\u00e2ne au moment de la perte de vos cheveux\u00a0 ainsi que les diff\u00e9rents apprentissages, de , l&rsquo;entretien de votre proth\u00e8se et\u00a0 les diff\u00e9rents nouages.\u00a0 Dans la bienveillance et la sympathie.\u00a0<\/strong><\/p>\n<p><strong>  <\/strong><\/p>\n<p><strong>Je suis agr\u00e9e par la CPAM pour\u00a0 vos remboursements.<\/strong><\/p>\n<p><strong>  <\/strong><\/p>\n<p><strong>Sur rendez vous uniquement .<\/strong><\/p>\n<p><strong>  <\/strong><\/p>\n<p><strong>A TRES VITE !\u00a0 \u00a0 \u00a0 \u00a0 \u00a0 \u00a0 \u00a0 \u00a0 \u00a0 \u00a0 \u00a0 \u00a0 \u00a0 \u00a0 \u00a0 \u00a0<\/strong><\/p>\n<p><strong>  <\/strong><\/p>\n<p><strong>Laure En Particulier<\/strong><\/p>\n<p><\/p>\n<p>\u00a0<\/p>\n<p><a href=\"https:\/\/www.facebook.com\/photo.php?fbid=446147920314737&amp;set=a.102535514675981&amp;type=3\" target=\"_blank\" rel=\"noopener\"><br \/>Facebook<br \/><\/a><br \/><a target=\"_blank\" rel=\"noopener\"><br \/>Twitter<br \/><\/a><br \/><a target=\"_blank\" rel=\"noopener\"><br \/>Youtube<br \/><\/a><a target=\"_blank\" rel=\"noopener\"><br \/><\/a><\/p>\t\t\t\t\t\t\t\t<\/div>\n\t\t\t\t<\/div>\n\t\t\t\t\t<\/div>\n\t\t<\/div>\n\t\t\t\t\t<\/div>\n\t\t<\/section>\n\t\t\t\t<section class=\"elementor-section elementor-top-section elementor-element elementor-element-c71a048 elementor-section-boxed elementor-section-height-default elementor-section-height-default\" data-id=\"c71a048\" data-element_type=\"section\">\n\t\t\t\t\t\t<div class=\"elementor-container elementor-column-gap-default\">\n\t\t\t\t\t<div class=\"elementor-column elementor-col-100 elementor-top-column elementor-element elementor-element-c650a49\" data-id=\"c650a49\" data-element_type=\"column\">\n\t\t\t<div class=\"elementor-widget-wrap elementor-element-populated\">\n\t\t\t\t\t\t<div class=\"elementor-element elementor-element-2411194 elementor-shape-rounded elementor-grid-0 e-grid-align-center elementor-widget elementor-widget-social-icons\" data-id=\"2411194\" data-element_type=\"widget\" data-widget_type=\"social-icons.default\">\n\t\t\t\t<div class=\"elementor-widget-container\">\n\t\t\t\t\t\t\t<div class=\"elementor-social-icons-wrapper elementor-grid\" role=\"list\">\n\t\t\t\t\t\t\t<span class=\"elementor-grid-item\" role=\"listitem\">\n\t\t\t\t\t<a class=\"elementor-icon elementor-social-icon elementor-social-icon-facebook elementor-repeater-item-06ff5f5\" href=\"https:\/\/www.facebook.com\/photo.php?fbid=446147920314737&#038;set=a.102535514675981&#038;type=3\" target=\"_blank\">\n\t\t\t\t\t\t<span class=\"elementor-screen-only\">Facebook<\/span>\n\t\t\t\t\t\t<i class=\"fab fa-facebook\"><\/i>\t\t\t\t\t<\/a>\n\t\t\t\t<\/span>\n\t\t\t\t\t\t\t<span class=\"elementor-grid-item\" role=\"listitem\">\n\t\t\t\t\t<a class=\"elementor-icon elementor-social-icon elementor-social-icon-twitter elementor-repeater-item-3f115d1\" target=\"_blank\">\n\t\t\t\t\t\t<span class=\"elementor-screen-only\">Twitter<\/span>\n\t\t\t\t\t\t<i class=\"fab fa-twitter\"><\/i>\t\t\t\t\t<\/a>\n\t\t\t\t<\/span>\n\t\t\t\t\t\t\t<span class=\"elementor-grid-item\" role=\"listitem\">\n\t\t\t\t\t<a class=\"elementor-icon elementor-social-icon elementor-social-icon-youtube elementor-repeater-item-0ef6cc5\" target=\"_blank\">\n\t\t\t\t\t\t<span class=\"elementor-screen-only\">Youtube<\/span>\n\t\t\t\t\t\t<i class=\"fab fa-youtube\"><\/i>\t\t\t\t\t<\/a>\n\t\t\t\t<\/span>\n\t\t\t\t\t<\/div>\n\t\t\t\t\t\t<\/div>\n\t\t\t\t<\/div>\n\t\t\t\t\t<\/div>\n\t\t<\/div>\n\t\t\t\t\t<\/div>\n\t\t<\/section>\n\t\t\t\t<section class=\"elementor-section elementor-top-section elementor-element elementor-element-836b50c elementor-section-boxed elementor-section-height-default elementor-section-height-default\" data-id=\"836b50c\" data-element_type=\"section\">\n\t\t\t\t\t\t<div class=\"elementor-container elementor-column-gap-default\">\n\t\t\t\t\t<div class=\"elementor-column elementor-col-100 elementor-top-column elementor-element elementor-element-791ffdf\" data-id=\"791ffdf\" data-element_type=\"column\">\n\t\t\t<div class=\"elementor-widget-wrap elementor-element-populated\">\n\t\t\t\t\t\t<div class=\"elementor-element elementor-element-2e143c5 elementor-shape-rounded elementor-grid-0 e-grid-align-center elementor-widget elementor-widget-social-icons\" data-id=\"2e143c5\" data-element_type=\"widget\" data-widget_type=\"social-icons.default\">\n\t\t\t\t<div class=\"elementor-widget-container\">\n\t\t\t\t\t\t\t<div class=\"elementor-social-icons-wrapper elementor-grid\" role=\"list\">\n\t\t\t\t\t\t\t<span class=\"elementor-grid-item\" role=\"listitem\">\n\t\t\t\t\t<a class=\"elementor-icon elementor-social-icon elementor-social-icon-facebook elementor-repeater-item-990e125\" href=\"https:\/\/www.facebook.com\/photo.php?fbid=446147920314737&#038;set=a.102535514675981&#038;type=3\" target=\"_blank\">\n\t\t\t\t\t\t<span class=\"elementor-screen-only\">Facebook<\/span>\n\t\t\t\t\t\t<i class=\"fab fa-facebook\"><\/i>\t\t\t\t\t<\/a>\n\t\t\t\t<\/span>\n\t\t\t\t\t\t\t<span class=\"elementor-grid-item\" role=\"listitem\">\n\t\t\t\t\t<a class=\"elementor-icon elementor-social-icon elementor-social-icon-twitter elementor-repeater-item-94398c2\" target=\"_blank\">\n\t\t\t\t\t\t<span class=\"elementor-screen-only\">Twitter<\/span>\n\t\t\t\t\t\t<i class=\"fab fa-twitter\"><\/i>\t\t\t\t\t<\/a>\n\t\t\t\t<\/span>\n\t\t\t\t\t\t\t<span class=\"elementor-grid-item\" role=\"listitem\">\n\t\t\t\t\t<a class=\"elementor-icon elementor-social-icon elementor-social-icon-youtube elementor-repeater-item-26de3d6\" target=\"_blank\">\n\t\t\t\t\t\t<span class=\"elementor-screen-only\">Youtube<\/span>\n\t\t\t\t\t\t<i class=\"fab fa-youtube\"><\/i>\t\t\t\t\t<\/a>\n\t\t\t\t<\/span>\n\t\t\t\t\t<\/div>\n\t\t\t\t\t\t<\/div>\n\t\t\t\t<\/div>\n\t\t\t\t\t<\/div>\n\t\t<\/div>\n\t\t\t\t\t<\/div>\n\t\t<\/section>\n\t\t\t\t<\/div>\n\t\t","protected":false},"excerpt":{"rendered":"<p>\u00a0 \u00a0 Un moment pour soi Socio coiffeuse &amp; proth\u00e9siste capillaire &#8212;&#8212;&#8212;&#8212;&#8212;&#8212; Socio coiffeuse &amp; proth\u00e9siste capillaire, un m\u00e9tier, un engagement shampoing et soin relaxant\u00a0 naturels de chez GAIA, Coupes &hellip; <\/p>\n","protected":false},"author":1,"featured_media":0,"parent":0,"menu_order":0,"comment_status":"closed","ping_status":"closed","template":"","meta":{"om_disable_all_campaigns":false,"_monsterinsights_skip_tracking":false,"_monsterinsights_sitenote_active":false,"_monsterinsights_sitenote_note":"","_monsterinsights_sitenote_category":0,"footnotes":""},"class_list":["post-76","page","type-page","status-publish","hentry"],"yoast_head":"<!-- This site is optimized with the Yoast SEO plugin v25.9 - https:\/\/yoast.com\/wordpress\/plugins\/seo\/ -->\n<title>Accueil - PERRUQUES \/ TURBANS ET BONNETS AVEC CHEVEUX NATURELS SIF &amp;LOKI<\/title>\n<meta name=\"description\" content=\"perruques, chevelure, proth\u00e8ses capillaires, masques, masques aux argiles,coloration v\u00e9g\u00e9tales, dayn\u00e0, terre de couleur, modelage cr\u00e2nien, huiles ayurv\u00e9diques, holioa, coupe de cheveu personnalis\u00e9e, alop\u00e9cie, cancer, turbans, bonnet, bonnets, shampoing adapt\u00e9, cr\u00e2ne, perte de cheveu, entretien proth\u00e8ses, nouage, bienveillance, sympathie, agr\u00e9ment, socio coiffure, proth\u00e9siste capillaire, salon, soin, shampoing, soins relaxant naturel, estime de soi, valorisation de son image,bienfaits multiples, coiffages personnalis\u00e9s, modelage cr\u00e2nien \u00e9nerg\u00e9tique\" \/>\n<meta name=\"robots\" content=\"index, follow, max-snippet:-1, max-image-preview:large, max-video-preview:-1\" \/>\n<link rel=\"canonical\" href=\"https:\/\/laurenparticulier.com\/?page_id=76\" \/>\n<meta property=\"og:locale\" content=\"fr_FR\" \/>\n<meta property=\"og:type\" content=\"article\" \/>\n<meta property=\"og:title\" content=\"Accueil - PERRUQUES \/ TURBANS ET BONNETS AVEC CHEVEUX NATURELS SIF &amp;LOKI\" \/>\n<meta property=\"og:description\" content=\"perruques, chevelure, proth\u00e8ses capillaires, masques, masques aux argiles,coloration v\u00e9g\u00e9tales, dayn\u00e0, terre de couleur, modelage cr\u00e2nien, huiles ayurv\u00e9diques, holioa, coupe de cheveu personnalis\u00e9e, alop\u00e9cie, cancer, turbans, bonnet, bonnets, shampoing adapt\u00e9, cr\u00e2ne, perte de cheveu, entretien proth\u00e8ses, nouage, bienveillance, sympathie, agr\u00e9ment, socio coiffure, proth\u00e9siste capillaire, salon, soin, shampoing, soins relaxant naturel, estime de soi, valorisation de son image,bienfaits multiples, coiffages personnalis\u00e9s, modelage cr\u00e2nien \u00e9nerg\u00e9tique\" \/>\n<meta property=\"og:url\" content=\"https:\/\/laurenparticulier.com\/?page_id=76\" \/>\n<meta property=\"og:site_name\" content=\"PERRUQUES \/ TURBANS ET BONNETS AVEC CHEVEUX NATURELS SIF &amp;LOKI\" \/>\n<meta property=\"article:modified_time\" content=\"2023-02-05T11:08:40+00:00\" \/>\n<meta property=\"og:image\" content=\"http:\/\/laurenparticulier.com\/wp-content\/uploads\/2021\/12\/cropped-laureenparticulier-1024x373.png\" \/>\n<meta name=\"twitter:card\" content=\"summary_large_image\" \/>\n<meta name=\"twitter:label1\" content=\"Dur\u00e9e de lecture estim\u00e9e\" \/>\n\t<meta name=\"twitter:data1\" content=\"2 minutes\" \/>\n<script type=\"application\/ld+json\" class=\"yoast-schema-graph\">{\"@context\":\"https:\/\/schema.org\",\"@graph\":[{\"@type\":\"WebPage\",\"@id\":\"https:\/\/laurenparticulier.com\/?page_id=76\",\"url\":\"https:\/\/laurenparticulier.com\/?page_id=76\",\"name\":\"Accueil - PERRUQUES \/ TURBANS ET BONNETS AVEC CHEVEUX NATURELS SIF &amp;LOKI\",\"isPartOf\":{\"@id\":\"https:\/\/laurenparticulier.com\/#website\"},\"primaryImageOfPage\":{\"@id\":\"https:\/\/laurenparticulier.com\/?page_id=76#primaryimage\"},\"image\":{\"@id\":\"https:\/\/laurenparticulier.com\/?page_id=76#primaryimage\"},\"thumbnailUrl\":\"http:\/\/laurenparticulier.com\/wp-content\/uploads\/2021\/12\/cropped-laureenparticulier-1024x373.png\",\"datePublished\":\"2021-12-29T20:31:03+00:00\",\"dateModified\":\"2023-02-05T11:08:40+00:00\",\"description\":\"perruques, chevelure, proth\u00e8ses capillaires, masques, masques aux argiles,coloration v\u00e9g\u00e9tales, dayn\u00e0, terre de couleur, modelage cr\u00e2nien, huiles ayurv\u00e9diques, holioa, coupe de cheveu personnalis\u00e9e, alop\u00e9cie, cancer, turbans, bonnet, bonnets, shampoing adapt\u00e9, cr\u00e2ne, perte de cheveu, entretien proth\u00e8ses, nouage, bienveillance, sympathie, agr\u00e9ment, socio coiffure, proth\u00e9siste capillaire, salon, soin, shampoing, soins relaxant naturel, estime de soi, valorisation de son image,bienfaits multiples, coiffages personnalis\u00e9s, modelage cr\u00e2nien \u00e9nerg\u00e9tique\",\"breadcrumb\":{\"@id\":\"https:\/\/laurenparticulier.com\/?page_id=76#breadcrumb\"},\"inLanguage\":\"fr-FR\",\"potentialAction\":[{\"@type\":\"ReadAction\",\"target\":[\"https:\/\/laurenparticulier.com\/?page_id=76\"]}]},{\"@type\":\"ImageObject\",\"inLanguage\":\"fr-FR\",\"@id\":\"https:\/\/laurenparticulier.com\/?page_id=76#primaryimage\",\"url\":\"http:\/\/laurenparticulier.com\/wp-content\/uploads\/2021\/12\/cropped-laureenparticulier-1024x373.png\",\"contentUrl\":\"http:\/\/laurenparticulier.com\/wp-content\/uploads\/2021\/12\/cropped-laureenparticulier-1024x373.png\"},{\"@type\":\"BreadcrumbList\",\"@id\":\"https:\/\/laurenparticulier.com\/?page_id=76#breadcrumb\",\"itemListElement\":[{\"@type\":\"ListItem\",\"position\":1,\"name\":\"Accueil\",\"item\":\"https:\/\/laurenparticulier.com\/\"},{\"@type\":\"ListItem\",\"position\":2,\"name\":\"Accueil\"}]},{\"@type\":\"WebSite\",\"@id\":\"https:\/\/laurenparticulier.com\/#website\",\"url\":\"https:\/\/laurenparticulier.com\/\",\"name\":\"PERRUQUES \/ TURBANS ET BONNETS AVEC CHEVEUX NATURELS SIF &amp;LOKI\",\"description\":\"PROTHESITE CAPILLAIRE AGREE PAR LA CPAM\",\"potentialAction\":[{\"@type\":\"SearchAction\",\"target\":{\"@type\":\"EntryPoint\",\"urlTemplate\":\"https:\/\/laurenparticulier.com\/?s={search_term_string}\"},\"query-input\":{\"@type\":\"PropertyValueSpecification\",\"valueRequired\":true,\"valueName\":\"search_term_string\"}}],\"inLanguage\":\"fr-FR\"}]}<\/script>\n<!-- \/ Yoast SEO plugin. -->","yoast_head_json":{"title":"Accueil - PERRUQUES \/ TURBANS ET BONNETS AVEC CHEVEUX NATURELS SIF &amp;LOKI","description":"perruques, chevelure, proth\u00e8ses capillaires, masques, masques aux argiles,coloration v\u00e9g\u00e9tales, dayn\u00e0, terre de couleur, modelage cr\u00e2nien, huiles ayurv\u00e9diques, holioa, coupe de cheveu personnalis\u00e9e, alop\u00e9cie, cancer, turbans, bonnet, bonnets, shampoing adapt\u00e9, cr\u00e2ne, perte de cheveu, entretien proth\u00e8ses, nouage, bienveillance, sympathie, agr\u00e9ment, socio coiffure, proth\u00e9siste capillaire, salon, soin, shampoing, soins relaxant naturel, estime de soi, valorisation de son image,bienfaits multiples, coiffages personnalis\u00e9s, modelage cr\u00e2nien \u00e9nerg\u00e9tique","robots":{"index":"index","follow":"follow","max-snippet":"max-snippet:-1","max-image-preview":"max-image-preview:large","max-video-preview":"max-video-preview:-1"},"canonical":"https:\/\/laurenparticulier.com\/?page_id=76","og_locale":"fr_FR","og_type":"article","og_title":"Accueil - PERRUQUES \/ TURBANS ET BONNETS AVEC CHEVEUX NATURELS SIF &amp;LOKI","og_description":"perruques, chevelure, proth\u00e8ses capillaires, masques, masques aux argiles,coloration v\u00e9g\u00e9tales, dayn\u00e0, terre de couleur, modelage cr\u00e2nien, huiles ayurv\u00e9diques, holioa, coupe de cheveu personnalis\u00e9e, alop\u00e9cie, cancer, turbans, bonnet, bonnets, shampoing adapt\u00e9, cr\u00e2ne, perte de cheveu, entretien proth\u00e8ses, nouage, bienveillance, sympathie, agr\u00e9ment, socio coiffure, proth\u00e9siste capillaire, salon, soin, shampoing, soins relaxant naturel, estime de soi, valorisation de son image,bienfaits multiples, coiffages personnalis\u00e9s, modelage cr\u00e2nien \u00e9nerg\u00e9tique","og_url":"https:\/\/laurenparticulier.com\/?page_id=76","og_site_name":"PERRUQUES \/ TURBANS ET BONNETS AVEC CHEVEUX NATURELS SIF &amp;LOKI","article_modified_time":"2023-02-05T11:08:40+00:00","og_image":[{"url":"http:\/\/laurenparticulier.com\/wp-content\/uploads\/2021\/12\/cropped-laureenparticulier-1024x373.png","type":"","width":"","height":""}],"twitter_card":"summary_large_image","twitter_misc":{"Dur\u00e9e de lecture estim\u00e9e":"2 minutes"},"schema":{"@context":"https:\/\/schema.org","@graph":[{"@type":"WebPage","@id":"https:\/\/laurenparticulier.com\/?page_id=76","url":"https:\/\/laurenparticulier.com\/?page_id=76","name":"Accueil - PERRUQUES \/ TURBANS ET BONNETS AVEC CHEVEUX NATURELS SIF &amp;LOKI","isPartOf":{"@id":"https:\/\/laurenparticulier.com\/#website"},"primaryImageOfPage":{"@id":"https:\/\/laurenparticulier.com\/?page_id=76#primaryimage"},"image":{"@id":"https:\/\/laurenparticulier.com\/?page_id=76#primaryimage"},"thumbnailUrl":"http:\/\/laurenparticulier.com\/wp-content\/uploads\/2021\/12\/cropped-laureenparticulier-1024x373.png","datePublished":"2021-12-29T20:31:03+00:00","dateModified":"2023-02-05T11:08:40+00:00","description":"perruques, chevelure, proth\u00e8ses capillaires, masques, masques aux argiles,coloration v\u00e9g\u00e9tales, dayn\u00e0, terre de couleur, modelage cr\u00e2nien, huiles ayurv\u00e9diques, holioa, coupe de cheveu personnalis\u00e9e, alop\u00e9cie, cancer, turbans, bonnet, bonnets, shampoing adapt\u00e9, cr\u00e2ne, perte de cheveu, entretien proth\u00e8ses, nouage, bienveillance, sympathie, agr\u00e9ment, socio coiffure, proth\u00e9siste capillaire, salon, soin, shampoing, soins relaxant naturel, estime de soi, valorisation de son image,bienfaits multiples, coiffages personnalis\u00e9s, modelage cr\u00e2nien \u00e9nerg\u00e9tique","breadcrumb":{"@id":"https:\/\/laurenparticulier.com\/?page_id=76#breadcrumb"},"inLanguage":"fr-FR","potentialAction":[{"@type":"ReadAction","target":["https:\/\/laurenparticulier.com\/?page_id=76"]}]},{"@type":"ImageObject","inLanguage":"fr-FR","@id":"https:\/\/laurenparticulier.com\/?page_id=76#primaryimage","url":"http:\/\/laurenparticulier.com\/wp-content\/uploads\/2021\/12\/cropped-laureenparticulier-1024x373.png","contentUrl":"http:\/\/laurenparticulier.com\/wp-content\/uploads\/2021\/12\/cropped-laureenparticulier-1024x373.png"},{"@type":"BreadcrumbList","@id":"https:\/\/laurenparticulier.com\/?page_id=76#breadcrumb","itemListElement":[{"@type":"ListItem","position":1,"name":"Accueil","item":"https:\/\/laurenparticulier.com\/"},{"@type":"ListItem","position":2,"name":"Accueil"}]},{"@type":"WebSite","@id":"https:\/\/laurenparticulier.com\/#website","url":"https:\/\/laurenparticulier.com\/","name":"PERRUQUES \/ TURBANS ET BONNETS AVEC CHEVEUX NATURELS SIF &amp;LOKI","description":"PROTHESITE CAPILLAIRE AGREE PAR LA CPAM","potentialAction":[{"@type":"SearchAction","target":{"@type":"EntryPoint","urlTemplate":"https:\/\/laurenparticulier.com\/?s={search_term_string}"},"query-input":{"@type":"PropertyValueSpecification","valueRequired":true,"valueName":"search_term_string"}}],"inLanguage":"fr-FR"}]}},"_links":{"self":[{"href":"https:\/\/laurenparticulier.com\/index.php?rest_route=\/wp\/v2\/pages\/76","targetHints":{"allow":["GET"]}}],"collection":[{"href":"https:\/\/laurenparticulier.com\/index.php?rest_route=\/wp\/v2\/pages"}],"about":[{"href":"https:\/\/laurenparticulier.com\/index.php?rest_route=\/wp\/v2\/types\/page"}],"author":[{"embeddable":true,"href":"https:\/\/laurenparticulier.com\/index.php?rest_route=\/wp\/v2\/users\/1"}],"replies":[{"embeddable":true,"href":"https:\/\/laurenparticulier.com\/index.php?rest_route=%2Fwp%2Fv2%2Fcomments&post=76"}],"version-history":[{"count":96,"href":"https:\/\/laurenparticulier.com\/index.php?rest_route=\/wp\/v2\/pages\/76\/revisions"}],"predecessor-version":[{"id":426,"href":"https:\/\/laurenparticulier.com\/index.php?rest_route=\/wp\/v2\/pages\/76\/revisions\/426"}],"wp:attachment":[{"href":"https:\/\/laurenparticulier.com\/index.php?rest_route=%2Fwp%2Fv2%2Fmedia&parent=76"}],"curies":[{"name":"wp","href":"https:\/\/api.w.org\/{rel}","templated":true}]}}