{"id":8,"date":"2021-12-29T12:38:59","date_gmt":"2021-12-29T11:38:59","guid":{"rendered":"https:\/\/laurenparticulier.com\/?page_id=8"},"modified":"2022-07-04T12:52:15","modified_gmt":"2022-07-04T11:52:15","slug":"contact","status":"publish","type":"page","link":"https:\/\/laurenparticulier.com\/?page_id=8","title":{"rendered":"Contact"},"content":{"rendered":"\n<p class=\"has-vivid-cyan-blue-color has-text-color has-medium-font-size\"><strong><em>A la sortie de l&rsquo;autoroute A62 d&rsquo; AGEN dans le lot et Garonne.<\/em><\/strong><\/p>\n\n\n\n<figure class=\"wp-block-image size-large\"><img fetchpriority=\"high\" decoding=\"async\" width=\"1024\" height=\"1024\" src=\"https:\/\/laurenparticulier.com\/wp-content\/uploads\/2021\/12\/20210425_114703-1024x1024.jpg\" alt=\"\" class=\"wp-image-32\" srcset=\"https:\/\/laurenparticulier.com\/wp-content\/uploads\/2021\/12\/20210425_114703-1024x1024.jpg 1024w, https:\/\/laurenparticulier.com\/wp-content\/uploads\/2021\/12\/20210425_114703-300x300.jpg 300w, https:\/\/laurenparticulier.com\/wp-content\/uploads\/2021\/12\/20210425_114703-scaled-600x600.jpg 600w, https:\/\/laurenparticulier.com\/wp-content\/uploads\/2021\/12\/20210425_114703-150x150.jpg 150w, https:\/\/laurenparticulier.com\/wp-content\/uploads\/2021\/12\/20210425_114703-768x768.jpg 768w, https:\/\/laurenparticulier.com\/wp-content\/uploads\/2021\/12\/20210425_114703-1536x1536.jpg 1536w, https:\/\/laurenparticulier.com\/wp-content\/uploads\/2021\/12\/20210425_114703-2048x2048.jpg 2048w, https:\/\/laurenparticulier.com\/wp-content\/uploads\/2021\/12\/20210425_114703-60x60.jpg 60w\" sizes=\"(max-width: 1024px) 100vw, 1024px\" \/><\/figure>\n\n\n\n<p><strong>Laure En Particulier<\/strong><\/p>\n\n\n\n<p><strong>1 quater rue de la fraternit\u00e9<\/strong><\/p>\n\n\n\n<p><strong>47520 LE PASSAGE<\/strong><\/p>\n\n\n\n<p><\/p>\n\n\n\n<p><strong>TEL : 0642874947<\/strong><\/p>\n\n\n\n<p><\/p>\n\n\n\n<p><strong>Courriel : laure.sociocoiffure@orange.fr<\/strong><\/p>\n\n\n\n<hr class=\"wp-block-separator has-css-opacity\"\/>\n\n\n\n<h2 class=\"has-text-align-center wp-block-heading\"><strong>Me contacter<\/strong><\/h2>\n\n\n\n<div class=\"wp-block-contact-form-7-contact-form-selector\">\n<div class=\"wpcf7 no-js\" id=\"wpcf7-f113-o1\" lang=\"fr-FR\" dir=\"ltr\" data-wpcf7-id=\"113\">\n<div class=\"screen-reader-response\"><p role=\"status\" aria-live=\"polite\" aria-atomic=\"true\"><\/p> <ul><\/ul><\/div>\n<form action=\"\/index.php?rest_route=%2Fwp%2Fv2%2Fpages%2F8#wpcf7-f113-o1\" method=\"post\" class=\"wpcf7-form init\" aria-label=\"Formulaire de contact\" novalidate=\"novalidate\" data-status=\"init\">\n<fieldset class=\"hidden-fields-container\"><input type=\"hidden\" name=\"_wpcf7\" value=\"113\" \/><input type=\"hidden\" name=\"_wpcf7_version\" value=\"6.1.1\" \/><input type=\"hidden\" name=\"_wpcf7_locale\" value=\"fr_FR\" \/><input type=\"hidden\" name=\"_wpcf7_unit_tag\" value=\"wpcf7-f113-o1\" \/><input type=\"hidden\" name=\"_wpcf7_container_post\" value=\"0\" \/><input type=\"hidden\" name=\"_wpcf7_posted_data_hash\" value=\"\" \/>\n<\/fieldset>\n<p><label> Votre nom<br \/>\n<span class=\"wpcf7-form-control-wrap\" data-name=\"your-name\"><input size=\"40\" maxlength=\"400\" class=\"wpcf7-form-control wpcf7-text wpcf7-validates-as-required\" aria-required=\"true\" aria-invalid=\"false\" value=\"\" type=\"text\" name=\"your-name\" \/><\/span> <\/label>\n<\/p>\n<p><label> Votre e-mail<br \/>\n<span class=\"wpcf7-form-control-wrap\" data-name=\"your-email\"><input size=\"40\" maxlength=\"400\" class=\"wpcf7-form-control wpcf7-email wpcf7-validates-as-required wpcf7-text wpcf7-validates-as-email\" aria-required=\"true\" aria-invalid=\"false\" value=\"\" type=\"email\" name=\"your-email\" \/><\/span> <\/label>\n<\/p>\n<p><label> Objet<br \/>\n<span class=\"wpcf7-form-control-wrap\" data-name=\"your-subject\"><input size=\"40\" maxlength=\"400\" class=\"wpcf7-form-control wpcf7-text wpcf7-validates-as-required\" aria-required=\"true\" aria-invalid=\"false\" value=\"\" type=\"text\" name=\"your-subject\" \/><\/span> <\/label>\n<\/p>\n<p><label> Votre message (facultatif)<br \/>\n<span class=\"wpcf7-form-control-wrap\" data-name=\"your-message\"><textarea cols=\"40\" rows=\"10\" maxlength=\"2000\" class=\"wpcf7-form-control wpcf7-textarea\" aria-invalid=\"false\" name=\"your-message\"><\/textarea><\/span> <\/label>\n<\/p>\n<p><input class=\"wpcf7-form-control wpcf7-submit has-spinner\" type=\"submit\" value=\"Envoyer\" \/>\n<\/p><p style=\"display: none !important;\" class=\"akismet-fields-container\" data-prefix=\"_wpcf7_ak_\"><label>&#916;<textarea name=\"_wpcf7_ak_hp_textarea\" cols=\"45\" rows=\"8\" maxlength=\"100\"><\/textarea><\/label><input type=\"hidden\" id=\"ak_js_1\" name=\"_wpcf7_ak_js\" value=\"145\"\/><script>document.getElementById( \"ak_js_1\" ).setAttribute( \"value\", ( new Date() ).getTime() );<\/script><\/p><div class=\"wpcf7-response-output\" aria-hidden=\"true\"><\/div>\n<\/form>\n<\/div>\n<\/div>\n","protected":false},"excerpt":{"rendered":"<p>A la sortie de l&rsquo;autoroute A62 d&rsquo; AGEN dans le lot et Garonne. Laure En Particulier 1 quater rue de la fraternit\u00e9 47520 LE PASSAGE TEL : 0642874947 Courriel : &hellip; <\/p>\n","protected":false},"author":1,"featured_media":0,"parent":0,"menu_order":0,"comment_status":"closed","ping_status":"closed","template":"","meta":{"om_disable_all_campaigns":false,"_monsterinsights_skip_tracking":false,"_monsterinsights_sitenote_active":false,"_monsterinsights_sitenote_note":"","_monsterinsights_sitenote_category":0,"footnotes":""},"class_list":["post-8","page","type-page","status-publish","hentry"],"yoast_head":"<!-- This site is optimized with the Yoast SEO plugin v25.9 - https:\/\/yoast.com\/wordpress\/plugins\/seo\/ -->\n<title>Contact - PERRUQUES \/ TURBANS ET BONNETS AVEC CHEVEUX NATURELS SIF &amp;LOKI<\/title>\n<meta name=\"description\" content=\"perruques, chevelure, proth\u00e8ses capillaires, masques, masques aux argiles,coloration v\u00e9g\u00e9tales, dayn\u00e0, terre de couleur, modelage cr\u00e2nien, huiles ayurv\u00e9diques, holioa, coupe de cheveu personnalis\u00e9e, alop\u00e9cie, cancer, turbans, bonnet, bonnets, shampoing adapt\u00e9, cr\u00e2ne, perte de cheveu, entretien proth\u00e8ses, nouage, bienveillance, sympathie, agr\u00e9ment, socio coiffure, proth\u00e9siste capillaire, salon, soin, shampoing, soins relaxant naturel, estime de soi, valorisation de son image,bienfaits multiples, coiffages personnalis\u00e9s, modelage cr\u00e2nien \u00e9nerg\u00e9tique\" \/>\n<meta name=\"robots\" content=\"index, follow, max-snippet:-1, max-image-preview:large, max-video-preview:-1\" \/>\n<link rel=\"canonical\" href=\"https:\/\/laurenparticulier.com\/?page_id=8\" \/>\n<meta property=\"og:locale\" content=\"fr_FR\" \/>\n<meta property=\"og:type\" content=\"article\" \/>\n<meta property=\"og:title\" content=\"Contact - PERRUQUES \/ TURBANS ET BONNETS AVEC CHEVEUX NATURELS SIF &amp;LOKI\" \/>\n<meta property=\"og:description\" content=\"perruques, chevelure, proth\u00e8ses capillaires, masques, masques aux argiles,coloration v\u00e9g\u00e9tales, dayn\u00e0, terre de couleur, modelage cr\u00e2nien, huiles ayurv\u00e9diques, holioa, coupe de cheveu personnalis\u00e9e, alop\u00e9cie, cancer, turbans, bonnet, bonnets, shampoing adapt\u00e9, cr\u00e2ne, perte de cheveu, entretien proth\u00e8ses, nouage, bienveillance, sympathie, agr\u00e9ment, socio coiffure, proth\u00e9siste capillaire, salon, soin, shampoing, soins relaxant naturel, estime de soi, valorisation de son image,bienfaits multiples, coiffages personnalis\u00e9s, modelage cr\u00e2nien \u00e9nerg\u00e9tique\" \/>\n<meta property=\"og:url\" content=\"https:\/\/laurenparticulier.com\/?page_id=8\" \/>\n<meta property=\"og:site_name\" content=\"PERRUQUES \/ TURBANS ET BONNETS AVEC CHEVEUX NATURELS SIF &amp;LOKI\" \/>\n<meta property=\"article:modified_time\" content=\"2022-07-04T11:52:15+00:00\" \/>\n<meta property=\"og:image\" content=\"http:\/\/laurenparticulier.com\/wp-content\/uploads\/2021\/12\/20210425_114703-1024x1024.jpg\" \/>\n<meta name=\"twitter:card\" content=\"summary_large_image\" \/>\n<meta name=\"twitter:label1\" content=\"Dur\u00e9e de lecture estim\u00e9e\" \/>\n\t<meta name=\"twitter:data1\" content=\"1 minute\" \/>\n<script type=\"application\/ld+json\" class=\"yoast-schema-graph\">{\"@context\":\"https:\/\/schema.org\",\"@graph\":[{\"@type\":\"WebPage\",\"@id\":\"https:\/\/laurenparticulier.com\/?page_id=8\",\"url\":\"https:\/\/laurenparticulier.com\/?page_id=8\",\"name\":\"Contact - PERRUQUES \/ TURBANS ET BONNETS AVEC CHEVEUX NATURELS SIF &amp;LOKI\",\"isPartOf\":{\"@id\":\"https:\/\/laurenparticulier.com\/#website\"},\"primaryImageOfPage\":{\"@id\":\"https:\/\/laurenparticulier.com\/?page_id=8#primaryimage\"},\"image\":{\"@id\":\"https:\/\/laurenparticulier.com\/?page_id=8#primaryimage\"},\"thumbnailUrl\":\"http:\/\/laurenparticulier.com\/wp-content\/uploads\/2021\/12\/20210425_114703-1024x1024.jpg\",\"datePublished\":\"2021-12-29T11:38:59+00:00\",\"dateModified\":\"2022-07-04T11:52:15+00:00\",\"description\":\"perruques, chevelure, proth\u00e8ses capillaires, masques, masques aux argiles,coloration v\u00e9g\u00e9tales, dayn\u00e0, terre de couleur, modelage cr\u00e2nien, huiles ayurv\u00e9diques, holioa, coupe de cheveu personnalis\u00e9e, alop\u00e9cie, cancer, turbans, bonnet, bonnets, shampoing adapt\u00e9, cr\u00e2ne, perte de cheveu, entretien proth\u00e8ses, nouage, bienveillance, sympathie, agr\u00e9ment, socio coiffure, proth\u00e9siste capillaire, salon, soin, shampoing, soins relaxant naturel, estime de soi, valorisation de son image,bienfaits multiples, coiffages personnalis\u00e9s, modelage cr\u00e2nien \u00e9nerg\u00e9tique\",\"breadcrumb\":{\"@id\":\"https:\/\/laurenparticulier.com\/?page_id=8#breadcrumb\"},\"inLanguage\":\"fr-FR\",\"potentialAction\":[{\"@type\":\"ReadAction\",\"target\":[\"https:\/\/laurenparticulier.com\/?page_id=8\"]}]},{\"@type\":\"ImageObject\",\"inLanguage\":\"fr-FR\",\"@id\":\"https:\/\/laurenparticulier.com\/?page_id=8#primaryimage\",\"url\":\"http:\/\/laurenparticulier.com\/wp-content\/uploads\/2021\/12\/20210425_114703-1024x1024.jpg\",\"contentUrl\":\"http:\/\/laurenparticulier.com\/wp-content\/uploads\/2021\/12\/20210425_114703-1024x1024.jpg\"},{\"@type\":\"BreadcrumbList\",\"@id\":\"https:\/\/laurenparticulier.com\/?page_id=8#breadcrumb\",\"itemListElement\":[{\"@type\":\"ListItem\",\"position\":1,\"name\":\"Accueil\",\"item\":\"https:\/\/laurenparticulier.com\/\"},{\"@type\":\"ListItem\",\"position\":2,\"name\":\"Contact\"}]},{\"@type\":\"WebSite\",\"@id\":\"https:\/\/laurenparticulier.com\/#website\",\"url\":\"https:\/\/laurenparticulier.com\/\",\"name\":\"PERRUQUES \/ TURBANS ET BONNETS AVEC CHEVEUX NATURELS SIF &amp;LOKI\",\"description\":\"PROTHESITE CAPILLAIRE AGREE PAR LA CPAM\",\"potentialAction\":[{\"@type\":\"SearchAction\",\"target\":{\"@type\":\"EntryPoint\",\"urlTemplate\":\"https:\/\/laurenparticulier.com\/?s={search_term_string}\"},\"query-input\":{\"@type\":\"PropertyValueSpecification\",\"valueRequired\":true,\"valueName\":\"search_term_string\"}}],\"inLanguage\":\"fr-FR\"}]}<\/script>\n<!-- \/ Yoast SEO plugin. -->","yoast_head_json":{"title":"Contact - PERRUQUES \/ TURBANS ET BONNETS AVEC CHEVEUX NATURELS SIF &amp;LOKI","description":"perruques, chevelure, proth\u00e8ses capillaires, masques, masques aux argiles,coloration v\u00e9g\u00e9tales, dayn\u00e0, terre de couleur, modelage cr\u00e2nien, huiles ayurv\u00e9diques, holioa, coupe de cheveu personnalis\u00e9e, alop\u00e9cie, cancer, turbans, bonnet, bonnets, shampoing adapt\u00e9, cr\u00e2ne, perte de cheveu, entretien proth\u00e8ses, nouage, bienveillance, sympathie, agr\u00e9ment, socio coiffure, proth\u00e9siste capillaire, salon, soin, shampoing, soins relaxant naturel, estime de soi, valorisation de son image,bienfaits multiples, coiffages personnalis\u00e9s, modelage cr\u00e2nien \u00e9nerg\u00e9tique","robots":{"index":"index","follow":"follow","max-snippet":"max-snippet:-1","max-image-preview":"max-image-preview:large","max-video-preview":"max-video-preview:-1"},"canonical":"https:\/\/laurenparticulier.com\/?page_id=8","og_locale":"fr_FR","og_type":"article","og_title":"Contact - PERRUQUES \/ TURBANS ET BONNETS AVEC CHEVEUX NATURELS SIF &amp;LOKI","og_description":"perruques, chevelure, proth\u00e8ses capillaires, masques, masques aux argiles,coloration v\u00e9g\u00e9tales, dayn\u00e0, terre de couleur, modelage cr\u00e2nien, huiles ayurv\u00e9diques, holioa, coupe de cheveu personnalis\u00e9e, alop\u00e9cie, cancer, turbans, bonnet, bonnets, shampoing adapt\u00e9, cr\u00e2ne, perte de cheveu, entretien proth\u00e8ses, nouage, bienveillance, sympathie, agr\u00e9ment, socio coiffure, proth\u00e9siste capillaire, salon, soin, shampoing, soins relaxant naturel, estime de soi, valorisation de son image,bienfaits multiples, coiffages personnalis\u00e9s, modelage cr\u00e2nien \u00e9nerg\u00e9tique","og_url":"https:\/\/laurenparticulier.com\/?page_id=8","og_site_name":"PERRUQUES \/ TURBANS ET BONNETS AVEC CHEVEUX NATURELS SIF &amp;LOKI","article_modified_time":"2022-07-04T11:52:15+00:00","og_image":[{"url":"http:\/\/laurenparticulier.com\/wp-content\/uploads\/2021\/12\/20210425_114703-1024x1024.jpg","type":"","width":"","height":""}],"twitter_card":"summary_large_image","twitter_misc":{"Dur\u00e9e de lecture estim\u00e9e":"1 minute"},"schema":{"@context":"https:\/\/schema.org","@graph":[{"@type":"WebPage","@id":"https:\/\/laurenparticulier.com\/?page_id=8","url":"https:\/\/laurenparticulier.com\/?page_id=8","name":"Contact - PERRUQUES \/ TURBANS ET BONNETS AVEC CHEVEUX NATURELS SIF &amp;LOKI","isPartOf":{"@id":"https:\/\/laurenparticulier.com\/#website"},"primaryImageOfPage":{"@id":"https:\/\/laurenparticulier.com\/?page_id=8#primaryimage"},"image":{"@id":"https:\/\/laurenparticulier.com\/?page_id=8#primaryimage"},"thumbnailUrl":"http:\/\/laurenparticulier.com\/wp-content\/uploads\/2021\/12\/20210425_114703-1024x1024.jpg","datePublished":"2021-12-29T11:38:59+00:00","dateModified":"2022-07-04T11:52:15+00:00","description":"perruques, chevelure, proth\u00e8ses capillaires, masques, masques aux argiles,coloration v\u00e9g\u00e9tales, dayn\u00e0, terre de couleur, modelage cr\u00e2nien, huiles ayurv\u00e9diques, holioa, coupe de cheveu personnalis\u00e9e, alop\u00e9cie, cancer, turbans, bonnet, bonnets, shampoing adapt\u00e9, cr\u00e2ne, perte de cheveu, entretien proth\u00e8ses, nouage, bienveillance, sympathie, agr\u00e9ment, socio coiffure, proth\u00e9siste capillaire, salon, soin, shampoing, soins relaxant naturel, estime de soi, valorisation de son image,bienfaits multiples, coiffages personnalis\u00e9s, modelage cr\u00e2nien \u00e9nerg\u00e9tique","breadcrumb":{"@id":"https:\/\/laurenparticulier.com\/?page_id=8#breadcrumb"},"inLanguage":"fr-FR","potentialAction":[{"@type":"ReadAction","target":["https:\/\/laurenparticulier.com\/?page_id=8"]}]},{"@type":"ImageObject","inLanguage":"fr-FR","@id":"https:\/\/laurenparticulier.com\/?page_id=8#primaryimage","url":"http:\/\/laurenparticulier.com\/wp-content\/uploads\/2021\/12\/20210425_114703-1024x1024.jpg","contentUrl":"http:\/\/laurenparticulier.com\/wp-content\/uploads\/2021\/12\/20210425_114703-1024x1024.jpg"},{"@type":"BreadcrumbList","@id":"https:\/\/laurenparticulier.com\/?page_id=8#breadcrumb","itemListElement":[{"@type":"ListItem","position":1,"name":"Accueil","item":"https:\/\/laurenparticulier.com\/"},{"@type":"ListItem","position":2,"name":"Contact"}]},{"@type":"WebSite","@id":"https:\/\/laurenparticulier.com\/#website","url":"https:\/\/laurenparticulier.com\/","name":"PERRUQUES \/ TURBANS ET BONNETS AVEC CHEVEUX NATURELS SIF &amp;LOKI","description":"PROTHESITE CAPILLAIRE AGREE PAR LA CPAM","potentialAction":[{"@type":"SearchAction","target":{"@type":"EntryPoint","urlTemplate":"https:\/\/laurenparticulier.com\/?s={search_term_string}"},"query-input":{"@type":"PropertyValueSpecification","valueRequired":true,"valueName":"search_term_string"}}],"inLanguage":"fr-FR"}]}},"_links":{"self":[{"href":"https:\/\/laurenparticulier.com\/index.php?rest_route=\/wp\/v2\/pages\/8","targetHints":{"allow":["GET"]}}],"collection":[{"href":"https:\/\/laurenparticulier.com\/index.php?rest_route=\/wp\/v2\/pages"}],"about":[{"href":"https:\/\/laurenparticulier.com\/index.php?rest_route=\/wp\/v2\/types\/page"}],"author":[{"embeddable":true,"href":"https:\/\/laurenparticulier.com\/index.php?rest_route=\/wp\/v2\/users\/1"}],"replies":[{"embeddable":true,"href":"https:\/\/laurenparticulier.com\/index.php?rest_route=%2Fwp%2Fv2%2Fcomments&post=8"}],"version-history":[{"count":10,"href":"https:\/\/laurenparticulier.com\/index.php?rest_route=\/wp\/v2\/pages\/8\/revisions"}],"predecessor-version":[{"id":315,"href":"https:\/\/laurenparticulier.com\/index.php?rest_route=\/wp\/v2\/pages\/8\/revisions\/315"}],"wp:attachment":[{"href":"https:\/\/laurenparticulier.com\/index.php?rest_route=%2Fwp%2Fv2%2Fmedia&parent=8"}],"curies":[{"name":"wp","href":"https:\/\/api.w.org\/{rel}","templated":true}]}}